{"id":171,"date":"2024-03-03T16:59:41","date_gmt":"2024-03-03T16:59:41","guid":{"rendered":"http:\/\/thibautbonnin.ddns.net\/?page_id=171"},"modified":"2024-03-04T19:23:58","modified_gmt":"2024-03-04T19:23:58","slug":"hiver","status":"publish","type":"page","link":"https:\/\/lesamisdesarbres.fr\/index.php\/hiver\/","title":{"rendered":"Hiver"},"content":{"rendered":"\n\n","protected":false},"excerpt":{"rendered":"","protected":false},"author":2,"featured_media":0,"parent":0,"menu_order":0,"comment_status":"closed","ping_status":"closed","template":"full-width","meta":{"saved_in_kubio":true,"footnotes":""},"class_list":["post-171","page","type-page","status-publish","hentry"],"kubio_ai_page_context":{"short_desc":"","purpose":"general"},"yoast_head":"<!-- This site is optimized with the Yoast SEO plugin v27.0 - https:\/\/yoast.com\/product\/yoast-seo-wordpress\/ -->\n<title>Hiver - Les Amis des Arbres et de la Nature de Vichy et sa R\u00e9gion<\/title>\n<meta name=\"robots\" content=\"index, follow, max-snippet:-1, max-image-preview:large, max-video-preview:-1\" \/>\n<link rel=\"canonical\" href=\"https:\/\/lesamisdesarbres.fr\/index.php\/hiver\/\" \/>\n<meta property=\"og:locale\" content=\"fr_FR\" \/>\n<meta property=\"og:type\" content=\"article\" \/>\n<meta property=\"og:title\" content=\"Hiver - Les Amis des Arbres et de la Nature de Vichy et sa R\u00e9gion\" \/>\n<meta property=\"og:url\" content=\"https:\/\/lesamisdesarbres.fr\/index.php\/hiver\/\" \/>\n<meta property=\"og:site_name\" content=\"Les Amis des Arbres et de la Nature de Vichy et sa R\u00e9gion\" \/>\n<meta property=\"article:modified_time\" content=\"2024-03-04T19:23:58+00:00\" \/>\n<meta name=\"twitter:card\" content=\"summary_large_image\" \/>\n<meta name=\"twitter:label1\" content=\"Dur\u00e9e de lecture estim\u00e9e\" \/>\n\t<meta name=\"twitter:data1\" content=\"1 minute\" \/>\n<script type=\"application\/ld+json\" class=\"yoast-schema-graph\">{\"@context\":\"https:\/\/schema.org\",\"@graph\":[{\"@type\":\"WebPage\",\"@id\":\"https:\/\/lesamisdesarbres.fr\/index.php\/hiver\/\",\"url\":\"https:\/\/lesamisdesarbres.fr\/index.php\/hiver\/\",\"name\":\"Hiver - Les Amis des Arbres et de la Nature de Vichy et sa R\u00e9gion\",\"isPartOf\":{\"@id\":\"https:\/\/lesamisdesarbres.fr\/#website\"},\"datePublished\":\"2024-03-03T16:59:41+00:00\",\"dateModified\":\"2024-03-04T19:23:58+00:00\",\"breadcrumb\":{\"@id\":\"https:\/\/lesamisdesarbres.fr\/index.php\/hiver\/#breadcrumb\"},\"inLanguage\":\"fr-FR\",\"potentialAction\":[{\"@type\":\"ReadAction\",\"target\":[\"https:\/\/lesamisdesarbres.fr\/index.php\/hiver\/\"]}]},{\"@type\":\"BreadcrumbList\",\"@id\":\"https:\/\/lesamisdesarbres.fr\/index.php\/hiver\/#breadcrumb\",\"itemListElement\":[{\"@type\":\"ListItem\",\"position\":1,\"name\":\"Accueil\",\"item\":\"https:\/\/lesamisdesarbres.fr\/\"},{\"@type\":\"ListItem\",\"position\":2,\"name\":\"Hiver\"}]},{\"@type\":\"WebSite\",\"@id\":\"https:\/\/lesamisdesarbres.fr\/#website\",\"url\":\"https:\/\/lesamisdesarbres.fr\/\",\"name\":\"Les Amis des Arbres et de la Nature de Vichy et sa R\u00e9gion\",\"description\":\"\",\"potentialAction\":[{\"@type\":\"SearchAction\",\"target\":{\"@type\":\"EntryPoint\",\"urlTemplate\":\"https:\/\/lesamisdesarbres.fr\/?s={search_term_string}\"},\"query-input\":{\"@type\":\"PropertyValueSpecification\",\"valueRequired\":true,\"valueName\":\"search_term_string\"}}],\"inLanguage\":\"fr-FR\"}]}<\/script>\n<!-- \/ Yoast SEO plugin. -->","yoast_head_json":{"title":"Hiver - Les Amis des Arbres et de la Nature de Vichy et sa R\u00e9gion","robots":{"index":"index","follow":"follow","max-snippet":"max-snippet:-1","max-image-preview":"max-image-preview:large","max-video-preview":"max-video-preview:-1"},"canonical":"https:\/\/lesamisdesarbres.fr\/index.php\/hiver\/","og_locale":"fr_FR","og_type":"article","og_title":"Hiver - Les Amis des Arbres et de la Nature de Vichy et sa R\u00e9gion","og_url":"https:\/\/lesamisdesarbres.fr\/index.php\/hiver\/","og_site_name":"Les Amis des Arbres et de la Nature de Vichy et sa R\u00e9gion","article_modified_time":"2024-03-04T19:23:58+00:00","twitter_card":"summary_large_image","twitter_misc":{"Dur\u00e9e de lecture estim\u00e9e":"1 minute"},"schema":{"@context":"https:\/\/schema.org","@graph":[{"@type":"WebPage","@id":"https:\/\/lesamisdesarbres.fr\/index.php\/hiver\/","url":"https:\/\/lesamisdesarbres.fr\/index.php\/hiver\/","name":"Hiver - Les Amis des Arbres et de la Nature de Vichy et sa R\u00e9gion","isPartOf":{"@id":"https:\/\/lesamisdesarbres.fr\/#website"},"datePublished":"2024-03-03T16:59:41+00:00","dateModified":"2024-03-04T19:23:58+00:00","breadcrumb":{"@id":"https:\/\/lesamisdesarbres.fr\/index.php\/hiver\/#breadcrumb"},"inLanguage":"fr-FR","potentialAction":[{"@type":"ReadAction","target":["https:\/\/lesamisdesarbres.fr\/index.php\/hiver\/"]}]},{"@type":"BreadcrumbList","@id":"https:\/\/lesamisdesarbres.fr\/index.php\/hiver\/#breadcrumb","itemListElement":[{"@type":"ListItem","position":1,"name":"Accueil","item":"https:\/\/lesamisdesarbres.fr\/"},{"@type":"ListItem","position":2,"name":"Hiver"}]},{"@type":"WebSite","@id":"https:\/\/lesamisdesarbres.fr\/#website","url":"https:\/\/lesamisdesarbres.fr\/","name":"Les Amis des Arbres et de la Nature de Vichy et sa R\u00e9gion","description":"","potentialAction":[{"@type":"SearchAction","target":{"@type":"EntryPoint","urlTemplate":"https:\/\/lesamisdesarbres.fr\/?s={search_term_string}"},"query-input":{"@type":"PropertyValueSpecification","valueRequired":true,"valueName":"search_term_string"}}],"inLanguage":"fr-FR"}]}},"_links":{"self":[{"href":"https:\/\/lesamisdesarbres.fr\/index.php\/wp-json\/wp\/v2\/pages\/171","targetHints":{"allow":["GET"]}}],"collection":[{"href":"https:\/\/lesamisdesarbres.fr\/index.php\/wp-json\/wp\/v2\/pages"}],"about":[{"href":"https:\/\/lesamisdesarbres.fr\/index.php\/wp-json\/wp\/v2\/types\/page"}],"author":[{"embeddable":true,"href":"https:\/\/lesamisdesarbres.fr\/index.php\/wp-json\/wp\/v2\/users\/2"}],"replies":[{"embeddable":true,"href":"https:\/\/lesamisdesarbres.fr\/index.php\/wp-json\/wp\/v2\/comments?post=171"}],"version-history":[{"count":3,"href":"https:\/\/lesamisdesarbres.fr\/index.php\/wp-json\/wp\/v2\/pages\/171\/revisions"}],"predecessor-version":[{"id":309,"href":"https:\/\/lesamisdesarbres.fr\/index.php\/wp-json\/wp\/v2\/pages\/171\/revisions\/309"}],"wp:attachment":[{"href":"https:\/\/lesamisdesarbres.fr\/index.php\/wp-json\/wp\/v2\/media?parent=171"}],"curies":[{"name":"wp","href":"https:\/\/api.w.org\/{rel}","templated":true}]}}